{"id":7,"date":"2025-10-07T20:28:34","date_gmt":"2025-10-07T20:28:34","guid":{"rendered":"https:\/\/kehittyvakoulufestivaali.fi\/?page_id=7"},"modified":"2025-10-07T20:28:35","modified_gmt":"2025-10-07T20:28:35","slug":"ilmoittautumislomake","status":"publish","type":"page","link":"https:\/\/kehittyvakoulufestivaali.fi\/","title":{"rendered":"Ilmoittautumislomake"},"content":{"rendered":"\n<div class=\"wpcf7 no-js\" id=\"wpcf7-f4-o1\" lang=\"fi\" dir=\"ltr\" data-wpcf7-id=\"4\">\n<div class=\"screen-reader-response\"><p role=\"status\" aria-live=\"polite\" aria-atomic=\"true\"><\/p> <ul><\/ul><\/div>\n<form action=\"\/index.php?rest_route=%2Fwp%2Fv2%2Fpages%2F7#wpcf7-f4-o1\" method=\"post\" class=\"wpcf7-form init\" aria-label=\"Yhteydenottolomake\" novalidate=\"novalidate\" data-status=\"init\">\n<fieldset class=\"hidden-fields-container\"><input type=\"hidden\" name=\"_wpcf7\" value=\"4\" \/><input type=\"hidden\" name=\"_wpcf7_version\" value=\"6.1.2\" \/><input type=\"hidden\" name=\"_wpcf7_locale\" value=\"fi\" \/><input type=\"hidden\" name=\"_wpcf7_unit_tag\" value=\"wpcf7-f4-o1\" \/><input type=\"hidden\" name=\"_wpcf7_container_post\" value=\"0\" \/><input type=\"hidden\" name=\"_wpcf7_posted_data_hash\" value=\"\" \/>\n<\/fieldset>\n<div class=\"uacf7-form-wrapper-container uacf7-form-4  \"><!-- Kehittyv\u00e4 koulu -festivaali 2025 ilmoittautumislomake -->\n<h2>Kehittyv\u00e4 koulu -festivaali 2025<\/h2>\n<p><strong>Tiistaina 2.12.2025 klo 9.00\u201316.00 (verkossa)<\/strong><\/p>\n<p>\nTervetuloa mukaan Kehittyv\u00e4 koulu -festivaaliin! Tapahtuma on avoin ja maksuton kaikille. \nSe toteutetaan Open Space -periaatteella: voit osallistua keskusteluihin ja ty\u00f6pajoihin \ntai j\u00e4rjest\u00e4\u00e4 itse oman session muille osallistujille.\n<\/p>\n\n<hr \/>\n\n<label>Nimi (pakollinen)<br \/>\n<span class=\"wpcf7-form-control-wrap\" data-name=\"nimi\"><input size=\"40\" maxlength=\"400\" class=\"wpcf7-form-control wpcf7-text wpcf7-validates-as-required\" aria-required=\"true\" aria-invalid=\"false\" placeholder=\"Etunimi ja sukunimi\" value=\"\" type=\"text\" name=\"nimi\" \/><\/span><\/label>\n\n<label>S\u00e4hk\u00f6postiosoite (pakollinen)<br \/>\n<span class=\"wpcf7-form-control-wrap\" data-name=\"email\"><input size=\"40\" maxlength=\"400\" class=\"wpcf7-form-control wpcf7-email wpcf7-validates-as-required wpcf7-text wpcf7-validates-as-email\" aria-required=\"true\" aria-invalid=\"false\" placeholder=\"esim. nimi@koulu.fi\" value=\"\" type=\"email\" name=\"email\" \/><\/span><\/label>\n\n<label>Koulu \/ organisaatio \/ yhteis\u00f6<br \/>\n<span class=\"wpcf7-form-control-wrap\" data-name=\"organisaatio\"><input size=\"40\" maxlength=\"400\" class=\"wpcf7-form-control wpcf7-text\" aria-invalid=\"false\" placeholder=\"Koulun tai organisaation nimi\" value=\"\" type=\"text\" name=\"organisaatio\" \/><\/span><\/label>\n\n<label>Rooli tai teht\u00e4v\u00e4<br \/>\n<span class=\"wpcf7-form-control-wrap\" data-name=\"rooli\"><select class=\"wpcf7-form-control wpcf7-select\" aria-invalid=\"false\" name=\"rooli\"><option value=\"\">&#8212;Valitse vaihtoehto&#8212;<\/option><option value=\"Opettaja\">Opettaja<\/option><option value=\"Rehtori\">Rehtori<\/option><option value=\"Oppilas \/ opiskelija\">Oppilas \/ opiskelija<\/option><option value=\"Koulutuksen kehitt\u00e4j\u00e4 \/ hallinto\">Koulutuksen kehitt\u00e4j\u00e4 \/ hallinto<\/option><option value=\"J\u00e4rjest\u00f6n tai yhdistyksen edustaja\">J\u00e4rjest\u00f6n tai yhdistyksen edustaja<\/option><option value=\"Muu, mik\u00e4:\">Muu, mik\u00e4:<\/option><\/select><\/span><\/label>\n\n<hr \/>\n\n<h3>Osallistuminen<\/h3>\n\n<label>Miten haluat osallistua tapahtumaan?<br \/>\n<span class=\"wpcf7-form-control-wrap\" data-name=\"osallistuminen\"><span class=\"wpcf7-form-control wpcf7-checkbox\"><span class=\"wpcf7-list-item first\"><label><input type=\"checkbox\" name=\"osallistuminen[]\" value=\"Osallistun keskusteluihin ja seuraan ohjelmaa\" \/><span class=\"wpcf7-list-item-label\">Osallistun keskusteluihin ja seuraan ohjelmaa<\/span><\/label><\/span><span class=\"wpcf7-list-item\"><label><input type=\"checkbox\" name=\"osallistuminen[]\" value=\"Haluan j\u00e4rjest\u00e4\u00e4 oman ty\u00f6pajan \/ keskustelun (Open Space)\" \/><span class=\"wpcf7-list-item-label\">Haluan j\u00e4rjest\u00e4\u00e4 oman ty\u00f6pajan \/ keskustelun (Open Space)<\/span><\/label><\/span><span class=\"wpcf7-list-item last\"><label><input type=\"checkbox\" name=\"osallistuminen[]\" value=\"En ole viel\u00e4 varma \u2013 haluan lis\u00e4tietoa ty\u00f6pajojen j\u00e4rjest\u00e4misest\u00e4\" \/><span class=\"wpcf7-list-item-label\">En ole viel\u00e4 varma \u2013 haluan lis\u00e4tietoa ty\u00f6pajojen j\u00e4rjest\u00e4misest\u00e4<\/span><\/label><\/span><\/span><\/span><\/label>\n\n<label>Jos j\u00e4rjest\u00e4t oman ty\u00f6pajan, kerro lyhyesti ideasi tai otsikkosi:<br \/>\n<span class=\"wpcf7-form-control-wrap\" data-name=\"aihe\"><input size=\"40\" maxlength=\"400\" class=\"wpcf7-form-control wpcf7-text\" aria-invalid=\"false\" placeholder=\"Ty\u00f6pajan otsikko tai aihe\" value=\"\" type=\"text\" name=\"aihe\" \/><\/span><\/label>\n\n<label>Kuvaile ty\u00f6pajasi sis\u00e4lt\u00f6\u00e4:<br \/>\n<span class=\"wpcf7-form-control-wrap\" data-name=\"kuvaus\"><textarea cols=\"40\" rows=\"10\" maxlength=\"2000\" class=\"wpcf7-form-control wpcf7-textarea\" aria-invalid=\"false\" placeholder=\"Lyhyt kuvaus (muutama lause)\" name=\"kuvaus\"><\/textarea><\/span><\/label>\n\n<label>Arvioitu kesto<br \/>\n<span class=\"wpcf7-form-control-wrap\" data-name=\"kesto\"><select class=\"wpcf7-form-control wpcf7-select\" aria-invalid=\"false\" name=\"kesto\"><option value=\"\">&#8212;Valitse vaihtoehto&#8212;<\/option><option value=\"20 min\">20 min<\/option><option value=\"45 min\">45 min<\/option><option value=\"60 min\">60 min<\/option><option value=\"Muu kesto\">Muu kesto<\/option><\/select><\/span><\/label>\n\n<label>Ty\u00f6pajasi aihepiiri<br \/>\n<span class=\"wpcf7-form-control-wrap\" data-name=\"aihepiiri\"><span class=\"wpcf7-form-control wpcf7-checkbox\"><span class=\"wpcf7-list-item first\"><label><input type=\"checkbox\" name=\"aihepiiri[]\" value=\"Osallisuus ja vaikuttaminen\" \/><span class=\"wpcf7-list-item-label\">Osallisuus ja vaikuttaminen<\/span><\/label><\/span><span class=\"wpcf7-list-item\"><label><input type=\"checkbox\" name=\"aihepiiri[]\" value=\"Hyvinvointi ja yhteis\u00f6llisyys\" \/><span class=\"wpcf7-list-item-label\">Hyvinvointi ja yhteis\u00f6llisyys<\/span><\/label><\/span><span class=\"wpcf7-list-item\"><label><input type=\"checkbox\" name=\"aihepiiri[]\" value=\"Opetusmenetelm\u00e4t ja pedagogiikka\" \/><span class=\"wpcf7-list-item-label\">Opetusmenetelm\u00e4t ja pedagogiikka<\/span><\/label><\/span><span class=\"wpcf7-list-item\"><label><input type=\"checkbox\" name=\"aihepiiri[]\" value=\"Teko\u00e4ly ja oppimisen teknologia\" \/><span class=\"wpcf7-list-item-label\">Teko\u00e4ly ja oppimisen teknologia<\/span><\/label><\/span><span class=\"wpcf7-list-item last\"><label><input type=\"checkbox\" name=\"aihepiiri[]\" value=\"Muu aihe\" \/><span class=\"wpcf7-list-item-label\">Muu aihe<\/span><\/label><\/span><\/span><\/span><\/label>\n\n<hr \/>\n\n<h3>Yhteydenpito ja toiveet<\/h3>\n\n<label>Haluatko, ett\u00e4 sinuun ollaan yhteydess\u00e4 ennen tapahtumaa?<br \/>\n<span class=\"wpcf7-form-control-wrap\" data-name=\"yhteydenpito\"><span class=\"wpcf7-form-control wpcf7-checkbox\"><span class=\"wpcf7-list-item first\"><label><input type=\"checkbox\" name=\"yhteydenpito[]\" value=\"Kyll\u00e4, haluan keskustella ty\u00f6pajaideasta\" \/><span class=\"wpcf7-list-item-label\">Kyll\u00e4, haluan keskustella ty\u00f6pajaideasta<\/span><\/label><\/span><span class=\"wpcf7-list-item\"><label><input type=\"checkbox\" name=\"yhteydenpito[]\" value=\"Kyll\u00e4, haluan osallistua tapahtuman valmisteluun \/ fasilitointiin\" \/><span class=\"wpcf7-list-item-label\">Kyll\u00e4, haluan osallistua tapahtuman valmisteluun \/ fasilitointiin<\/span><\/label><\/span><span class=\"wpcf7-list-item last\"><label><input type=\"checkbox\" name=\"yhteydenpito[]\" value=\"Ei, riitt\u00e4\u00e4 ett\u00e4 saan osallistumislinkin\" \/><span class=\"wpcf7-list-item-label\">Ei, riitt\u00e4\u00e4 ett\u00e4 saan osallistumislinkin<\/span><\/label><\/span><\/span><\/span><\/label>\n\n<label>Muut toiveet, kysymykset tai ideat:<br \/>\n<span class=\"wpcf7-form-control-wrap\" data-name=\"toiveet\"><textarea cols=\"40\" rows=\"10\" maxlength=\"2000\" class=\"wpcf7-form-control wpcf7-textarea\" aria-invalid=\"false\" placeholder=\"Kirjoita halutessasi viesti j\u00e4rjest\u00e4jille\" name=\"toiveet\"><\/textarea><\/span><\/label>\n\n<hr \/>\n\n<input class=\"wpcf7-form-control wpcf7-submit has-spinner\" type=\"submit\" value=\"L\u00e4het\u00e4 ilmoittautuminen\" \/><\/div><div class=\"wpcf7-response-output\" aria-hidden=\"true\"><\/div>\n<\/form>\n<\/div>\n\n","protected":false},"excerpt":{"rendered":"","protected":false},"author":1,"featured_media":0,"parent":0,"menu_order":0,"comment_status":"closed","ping_status":"closed","template":"","meta":{"footnotes":""},"class_list":["post-7","page","type-page","status-publish","hentry"],"yoast_head":"<!-- This site is optimized with the Yoast SEO plugin v26.1 - https:\/\/yoast.com\/wordpress\/plugins\/seo\/ -->\n<title>Ilmoittautumislomake - Kehittyv\u00e4 koulu -festivaali<\/title>\n<meta name=\"robots\" content=\"index, follow, max-snippet:-1, max-image-preview:large, max-video-preview:-1\" \/>\n<link rel=\"canonical\" href=\"https:\/\/kehittyvakoulufestivaali.fi\/?page_id=7\" \/>\n<meta property=\"og:locale\" content=\"fi_FI\" \/>\n<meta property=\"og:type\" content=\"article\" \/>\n<meta property=\"og:title\" content=\"Ilmoittautumislomake - Kehittyv\u00e4 koulu -festivaali\" \/>\n<meta property=\"og:url\" content=\"https:\/\/kehittyvakoulufestivaali.fi\/?page_id=7\" \/>\n<meta property=\"og:site_name\" content=\"Kehittyv\u00e4 koulu -festivaali\" \/>\n<meta property=\"article:modified_time\" content=\"2025-10-07T20:28:35+00:00\" \/>\n<meta name=\"twitter:card\" content=\"summary_large_image\" \/>\n<meta name=\"twitter:label1\" content=\"Arvioitu lukuaika\" \/>\n\t<meta name=\"twitter:data1\" content=\"1 minuutti\" \/>\n<script type=\"application\/ld+json\" class=\"yoast-schema-graph\">{\"@context\":\"https:\/\/schema.org\",\"@graph\":[{\"@type\":\"WebPage\",\"@id\":\"https:\/\/kehittyvakoulufestivaali.fi\/?page_id=7\",\"url\":\"https:\/\/kehittyvakoulufestivaali.fi\/?page_id=7\",\"name\":\"Ilmoittautumislomake - Kehittyv\u00e4 koulu -festivaali\",\"isPartOf\":{\"@id\":\"https:\/\/kehittyvakoulufestivaali.fi\/#website\"},\"datePublished\":\"2025-10-07T20:28:34+00:00\",\"dateModified\":\"2025-10-07T20:28:35+00:00\",\"breadcrumb\":{\"@id\":\"https:\/\/kehittyvakoulufestivaali.fi\/?page_id=7#breadcrumb\"},\"inLanguage\":\"fi\",\"potentialAction\":[{\"@type\":\"ReadAction\",\"target\":[\"https:\/\/kehittyvakoulufestivaali.fi\/?page_id=7\"]}]},{\"@type\":\"BreadcrumbList\",\"@id\":\"https:\/\/kehittyvakoulufestivaali.fi\/?page_id=7#breadcrumb\",\"itemListElement\":[{\"@type\":\"ListItem\",\"position\":1,\"name\":\"Etusivu\",\"item\":\"https:\/\/kehittyvakoulufestivaali.fi\/?page_id=7\"},{\"@type\":\"ListItem\",\"position\":2,\"name\":\"Ilmoittautumislomake\"}]},{\"@type\":\"WebSite\",\"@id\":\"https:\/\/kehittyvakoulufestivaali.fi\/#website\",\"url\":\"https:\/\/kehittyvakoulufestivaali.fi\/\",\"name\":\"Kehittyv\u00e4 koulu -festivaali\",\"description\":\"\",\"potentialAction\":[{\"@type\":\"SearchAction\",\"target\":{\"@type\":\"EntryPoint\",\"urlTemplate\":\"https:\/\/kehittyvakoulufestivaali.fi\/?s={search_term_string}\"},\"query-input\":{\"@type\":\"PropertyValueSpecification\",\"valueRequired\":true,\"valueName\":\"search_term_string\"}}],\"inLanguage\":\"fi\"}]}<\/script>\n<!-- \/ Yoast SEO plugin. -->","yoast_head_json":{"title":"Ilmoittautumislomake - Kehittyv\u00e4 koulu -festivaali","robots":{"index":"index","follow":"follow","max-snippet":"max-snippet:-1","max-image-preview":"max-image-preview:large","max-video-preview":"max-video-preview:-1"},"canonical":"https:\/\/kehittyvakoulufestivaali.fi\/?page_id=7","og_locale":"fi_FI","og_type":"article","og_title":"Ilmoittautumislomake - Kehittyv\u00e4 koulu -festivaali","og_url":"https:\/\/kehittyvakoulufestivaali.fi\/?page_id=7","og_site_name":"Kehittyv\u00e4 koulu -festivaali","article_modified_time":"2025-10-07T20:28:35+00:00","twitter_card":"summary_large_image","twitter_misc":{"Arvioitu lukuaika":"1 minuutti"},"schema":{"@context":"https:\/\/schema.org","@graph":[{"@type":"WebPage","@id":"https:\/\/kehittyvakoulufestivaali.fi\/?page_id=7","url":"https:\/\/kehittyvakoulufestivaali.fi\/?page_id=7","name":"Ilmoittautumislomake - Kehittyv\u00e4 koulu -festivaali","isPartOf":{"@id":"https:\/\/kehittyvakoulufestivaali.fi\/#website"},"datePublished":"2025-10-07T20:28:34+00:00","dateModified":"2025-10-07T20:28:35+00:00","breadcrumb":{"@id":"https:\/\/kehittyvakoulufestivaali.fi\/?page_id=7#breadcrumb"},"inLanguage":"fi","potentialAction":[{"@type":"ReadAction","target":["https:\/\/kehittyvakoulufestivaali.fi\/?page_id=7"]}]},{"@type":"BreadcrumbList","@id":"https:\/\/kehittyvakoulufestivaali.fi\/?page_id=7#breadcrumb","itemListElement":[{"@type":"ListItem","position":1,"name":"Etusivu","item":"https:\/\/kehittyvakoulufestivaali.fi\/?page_id=7"},{"@type":"ListItem","position":2,"name":"Ilmoittautumislomake"}]},{"@type":"WebSite","@id":"https:\/\/kehittyvakoulufestivaali.fi\/#website","url":"https:\/\/kehittyvakoulufestivaali.fi\/","name":"Kehittyv\u00e4 koulu -festivaali","description":"","potentialAction":[{"@type":"SearchAction","target":{"@type":"EntryPoint","urlTemplate":"https:\/\/kehittyvakoulufestivaali.fi\/?s={search_term_string}"},"query-input":{"@type":"PropertyValueSpecification","valueRequired":true,"valueName":"search_term_string"}}],"inLanguage":"fi"}]}},"_links":{"self":[{"href":"https:\/\/kehittyvakoulufestivaali.fi\/index.php?rest_route=\/wp\/v2\/pages\/7","targetHints":{"allow":["GET"]}}],"collection":[{"href":"https:\/\/kehittyvakoulufestivaali.fi\/index.php?rest_route=\/wp\/v2\/pages"}],"about":[{"href":"https:\/\/kehittyvakoulufestivaali.fi\/index.php?rest_route=\/wp\/v2\/types\/page"}],"author":[{"embeddable":true,"href":"https:\/\/kehittyvakoulufestivaali.fi\/index.php?rest_route=\/wp\/v2\/users\/1"}],"replies":[{"embeddable":true,"href":"https:\/\/kehittyvakoulufestivaali.fi\/index.php?rest_route=%2Fwp%2Fv2%2Fcomments&post=7"}],"version-history":[{"count":1,"href":"https:\/\/kehittyvakoulufestivaali.fi\/index.php?rest_route=\/wp\/v2\/pages\/7\/revisions"}],"predecessor-version":[{"id":9,"href":"https:\/\/kehittyvakoulufestivaali.fi\/index.php?rest_route=\/wp\/v2\/pages\/7\/revisions\/9"}],"wp:attachment":[{"href":"https:\/\/kehittyvakoulufestivaali.fi\/index.php?rest_route=%2Fwp%2Fv2%2Fmedia&parent=7"}],"curies":[{"name":"wp","href":"https:\/\/api.w.org\/{rel}","templated":true}]}}